{"id":471,"date":"2024-05-13T14:14:42","date_gmt":"2024-05-13T12:14:42","guid":{"rendered":"http:\/\/qpfmhmp.cluster024.hosting.ovh.net\/wp-aresa\/?page_id=471"},"modified":"2025-03-13T14:34:10","modified_gmt":"2025-03-13T13:34:10","slug":"mentions-legales","status":"publish","type":"page","link":"https:\/\/aresa-solutions.fr\/index.php\/mentions-legales\/","title":{"rendered":"Mentions l\u00e9gales"},"content":{"rendered":"\t\t<div data-elementor-type=\"wp-page\" data-elementor-id=\"471\" class=\"elementor elementor-471\">\n\t\t\t\t<div class=\"elementor-element elementor-element-707243d e-flex e-con-boxed e-con e-parent\" data-id=\"707243d\" data-element_type=\"container\" data-core-v316-plus=\"true\">\n\t\t\t\t\t<div class=\"e-con-inner\">\n\t\t\t\t<div class=\"elementor-element elementor-element-bb12002 elementor-widget elementor-widget-text-editor\" data-id=\"bb12002\" data-element_type=\"widget\" data-widget_type=\"text-editor.default\">\n\t\t\t\t<div class=\"elementor-widget-container\">\n\t\t\t<style>\/*! elementor - v3.20.0 - 26-03-2024 *\/\n.elementor-widget-text-editor.elementor-drop-cap-view-stacked .elementor-drop-cap{background-color:#69727d;color:#fff}.elementor-widget-text-editor.elementor-drop-cap-view-framed .elementor-drop-cap{color:#69727d;border:3px solid;background-color:transparent}.elementor-widget-text-editor:not(.elementor-drop-cap-view-default) .elementor-drop-cap{margin-top:8px}.elementor-widget-text-editor:not(.elementor-drop-cap-view-default) .elementor-drop-cap-letter{width:1em;height:1em}.elementor-widget-text-editor .elementor-drop-cap{float:left;text-align:center;line-height:1;font-size:50px}.elementor-widget-text-editor .elementor-drop-cap-letter{display:inline-block}<\/style>\t\t\t\t<h2>Mentions l\u00e9gales<\/h2><p><strong>Si\u00e8ge social :<\/strong><\/p><p>8 rue de l\u2019Argonne<\/p><p>67000 Strasbourg<\/p><p>T\u00e9l\u00a0: 03.90.41.09.10<\/p><p><a href=\"mailto:courtage@aresa-solutions.fr\" target=\"_blank\" rel=\"noopener\">courtage@aresa-solutions.fr<\/a><\/p><p>SAS au capital de 30\u00a0000 euros &#8211; APE 6622 ZR.C.S Strasbourg 800\u00a0719 064 &#8211; Siret\u00a0: 800\u00a0719\u00a0064 00027.<\/p><p>N\u00b0 TVA Intracommunautaire FR 258 007 190 64<\/p><p>Immatriculation ORIAS, Registre d\u2019immatriculation des Interm\u00e9diaires en Assurances, n\u00b0 14\u00a0003 310 (<a href=\"https:\/\/www.orias.fr\/\" target=\"_blank\" rel=\"noopener\">www.orias.fr<\/a>) &#8211; celle-ci garantit notamment que le cabinet dispose d\u2019une garantie responsabilit\u00e9 civile professionnelle et d\u2019une garantie financi\u00e8re conformes aux textes en vigueur.<\/p><p>ARESA, soci\u00e9t\u00e9 de Courtage en Assurances, r\u00e9pond de l\u2019Autorit\u00e9 de Contr\u00f4le Prudentiel et de R\u00e9solution (ACPR) 4 Place de Budapest CS92459 75436 PARIS CEDEX 09.<\/p><p>Conform\u00e9ment aux articles L. 521-2 et R. 521-2 du Code des assurances, ARESA d\u00e9clare ne pas :<\/p><ul><li>D\u00e9tenir une participation, directe ou indirecte, sup\u00e9rieure \u00e0 10 % des droits de vote ou du capital d\u2019une entreprise d\u2019assurance\u00a0;<\/li><\/ul><ul><li>\u00catre d\u00e9tenue par une entreprise d\u2019assurance ou par l\u2019entreprise m\u00e8re d\u2019une entreprise d\u2019assurances \u00e0 travers une participation, directe ou indirecte, sup\u00e9rieure \u00e0 10 % des droits de vote ou du capital\u00a0;<\/li><\/ul><ul><li>\u00catre soumise \u00e0 une obligation contractuelle de travailler exclusivement avec une ou plusieurs entreprises d\u2019assurances.<\/li><\/ul><p>ARESA ne se pr\u00e9vaut pas d\u2019un conseil fond\u00e9 sur une approche exhaustive et objective du march\u00e9, et exerce son activit\u00e9 conform\u00e9ment \u00e0 l\u2019article L. 521-2, II, 1\u00b0, b) du Code des assurances.<\/p><p>ARESA tient \u00e0 disposition la liste des entreprises d\u2019assurances avec lesquelles elle travaille. Pour obtenir communication de cette liste, il convient d\u2019en faire la demande par courrier simple adress\u00e9 \u00e0 l\u2019adresse du si\u00e8ge social de ARESA.<\/p><p><strong>R\u00e9clamation :<\/strong><\/p><p>Toute r\u00e9clamation doit \u00eatre adress\u00e9e au Service R\u00e9clamation de ARESA, par courrier \u00e0 l\u2019adresse du si\u00e8ge social.<\/p><p>ARESA s\u2019engage \u00e0 vous en accuser r\u00e9ception au plus tard sous 10 jours ouvr\u00e9s suivant la date de r\u00e9ception de la r\u00e9clamation et \u00e0 vous apporter une r\u00e9ponse d\u00e9finitive sous 2 mois maximum.<\/p><p><strong>M\u00e9diation :<\/strong><\/p><p>Si vous n\u2019\u00eates pas satisfait de la r\u00e9ponse finale ou si vous n\u2019avez pas de r\u00e9ponse dans un d\u00e9lai de deux mois, vous avez la possibilit\u00e9 de soumettre votre r\u00e9clamation au M\u00e9diateur de l\u2019Assurance dont les coordonn\u00e9es sont :<\/p><p>Adresse Postale : CNPM\u00e9diation, 27 av de la Lib\u00e9ration 42400 Saint Chamond<\/p><p>Les donn\u00e9es individuelles que vous nous avez intentionnellement fournies, sont utilis\u00e9es uniquement par ARESA qui s\u2019engage \u00e0 ne les c\u00e9der \u00e0 aucun tiers.<\/p><p>Informations relatives au site<\/p><p>ARESA a d\u00e9velopp\u00e9 ce site internet pour des objectifs d\u2019information et de communication.<\/p><p>LE PR\u00c9SENT SITE (aresa-solutions.fr) est h\u00e9berg\u00e9 par :ONLINE SASBP 438<\/p><p>75366 Paris cedex 08 (France)<\/p><p>T\u00e9l\u00e9phone : 01.84.13.00.01 (Appel non surtax\u00e9)<\/p><p>SAS au capital de 214\u00a0410,50 \u20ac\u00a0&#8211; Filiale du groupe IliadRCS Paris B 433\u00a0115 904Site : www.online.net.<\/p><p>Directeur de la publication :\u00a0M. G\u00e9rault C\u00e9dric WEHRY<\/p><p>L&rsquo;internaute reconna\u00eet que le site ARESA est r\u00e9gi par le droit fran\u00e7ais et rel\u00e8ve de la comp\u00e9tence des juges fran\u00e7ais. L&rsquo;acc\u00e8s au site ARESA est soumis \u00e0 des conditions d&rsquo;utilisation. En utilisant le site ARESA, vous acceptez de vous y conformer. ARESA se r\u00e9serve le droit de mettre \u00e0 jour \u00e0 tout moment cette partie et vous invite donc \u00e0 la consulter r\u00e9guli\u00e8rement.<\/p><p>ARESA ainsi que ses fournisseurs d&rsquo;informations d\u00e9clinent toute responsabilit\u00e9 quant au contenu, \u00e0 l&rsquo;exactitude, \u00e0 la fiabilit\u00e9, \u00e0 la pertinence et \u00e0 l&rsquo;exhaustivit\u00e9 des informations et donn\u00e9es diffus\u00e9es sur le pr\u00e9sent site.<\/p><p>ARESA et ses fournisseurs d&rsquo;information d\u00e9clinent toute responsabilit\u00e9 quant aux difficult\u00e9s techniques que pourrait rencontrer les usagers de ce site, ce quelles qu&rsquo;en soient la cause ou l&rsquo;origine, notamment dans le cas de survenance de \u00ab\u00a0bogues\u00a0\u00bb, du non respect de l&rsquo;int\u00e9grit\u00e9 de l&rsquo;information \u00e0 travers les r\u00e9seaux de communication, de d\u00e9faut de capacit\u00e9 du terminal de l&rsquo;utilisateur pour restituer l&rsquo;information ou de transmission et d&rsquo;acheminement dans les d\u00e9lais normaux d&rsquo;ordres du client.<\/p><p>Enfin, les utilisateurs du site ainsi que les partenaires de ARESA ne peuvent pas cr\u00e9er de lien vers le site sans l\u2019autorisation expresse et pr\u00e9alable de son directeur de la publication.<\/p><p><strong>S\u00e9curit\u00e9 :<\/strong>Les informations accessibles sur le site de souscription ou de consultation, circulent sous forme crypt\u00e9e sur les r\u00e9seaux de t\u00e9l\u00e9communication. Il appartient au client d&rsquo;utiliser tous les moyens de s\u00e9curit\u00e9 dont il dispose pour pr\u00e9server la confidentialit\u00e9 des informations \u00e9chang\u00e9es. ARESA ne saurait \u00eatre tenu pour responsable des cons\u00e9quences de la divulgation, m\u00eame involontaire, des informations \u00e9chang\u00e9es ou la non utilisation par le client des moyens de s\u00e9curit\u00e9.<\/p><p><strong>Liens hypertextes :<\/strong>ARESA d\u00e9cline toute responsabilit\u00e9 quant au contenu des informations fournies sur ces sites au titre de l&rsquo;activation du lien hypertexte.<\/p><p><strong>Propri\u00e9t\u00e9 Intellectuelle :<\/strong>Ce site ainsi que tous les documents qui en sont extrait (logos, marques, textes, articles, images, etc.) et la charte graphique sont la propri\u00e9t\u00e9 intellectuelle de ARESA et sont prot\u00e9g\u00e9s par les lois fran\u00e7aises en mati\u00e8re de propri\u00e9t\u00e9 intellectuelle et de droit d\u2019auteur ainsi que le droit \u00e0 l\u2019image et le droit des marques. Toute repr\u00e9sentation totale ou partielle de ce site et de son contenu, la reproduction, la transmission \u00e0 un tiers sous quelque forme que ce soit (\u00e0 titre gratuit ou on\u00e9reux), la suppression, la modification par quelques proc\u00e9d\u00e9s que ce soit et sans autorisation expresse pr\u00e9alable de son \u00e9diteur, est interdite (contrefa\u00e7on sanctionn\u00e9e par les art. L335-2 et suivants du Code de la Propri\u00e9t\u00e9 Intellectuelle).<\/p><p>Si vous souhaitez reproduire tout ou partie du contenu, adressez votre demande au directeur de la publication du site en pr\u00e9cisant la raison, la nature, la dur\u00e9e et la pr\u00e9sentation envisag\u00e9e de cette copie avec le plus de d\u00e9tails possibles.<\/p>\t\t\t\t\t\t<\/div>\n\t\t\t\t<\/div>\n\t\t\t\t\t<\/div>\n\t\t\t\t<\/div>\n\t\t\t\t<\/div>\n\t\t","protected":false},"excerpt":{"rendered":"<p>Mentions l\u00e9gales Si\u00e8ge social : 8 rue de l\u2019Argonne 67000 Strasbourg T\u00e9l\u00a0: 03.90.41.09.10 courtage@aresa-solutions.fr SAS au capital de 30\u00a0000 euros &#8211; APE 6622 ZR.C.S Strasbourg 800\u00a0719 064 &#8211; Siret\u00a0: 800\u00a0719\u00a0064 00027. N\u00b0 TVA Intracommunautaire FR 258 007 190 64 Immatriculation ORIAS, Registre d\u2019immatriculation des Interm\u00e9diaires en Assurances, n\u00b0 14\u00a0003 310 (www.orias.fr) &#8211; celle-ci garantit notamment [&hellip;]<\/p>\n","protected":false},"author":2,"featured_media":0,"parent":0,"menu_order":0,"comment_status":"closed","ping_status":"closed","template":"","meta":{"inline_featured_image":false,"footnotes":""},"class_list":["post-471","page","type-page","status-publish","hentry"],"blocksy_meta":[],"yoast_head":"<!-- This site is optimized with the Yoast SEO plugin v22.4 - https:\/\/yoast.com\/wordpress\/plugins\/seo\/ -->\n<title>Mentions l\u00e9gales - Aresa-solutions<\/title>\n<meta name=\"robots\" content=\"index, follow, max-snippet:-1, max-image-preview:large, max-video-preview:-1\" \/>\n<link rel=\"canonical\" href=\"https:\/\/aresa-solutions.fr\/index.php\/mentions-legales\/\" \/>\n<meta property=\"og:locale\" content=\"fr_FR\" \/>\n<meta property=\"og:type\" content=\"article\" \/>\n<meta property=\"og:title\" content=\"Mentions l\u00e9gales - Aresa-solutions\" \/>\n<meta property=\"og:description\" content=\"Mentions l\u00e9gales Si\u00e8ge social : 8 rue de l\u2019Argonne 67000 Strasbourg T\u00e9l\u00a0: 03.90.41.09.10 courtage@aresa-solutions.fr SAS au capital de 30\u00a0000 euros &#8211; APE 6622 ZR.C.S Strasbourg 800\u00a0719 064 &#8211; Siret\u00a0: 800\u00a0719\u00a0064 00027. N\u00b0 TVA Intracommunautaire FR 258 007 190 64 Immatriculation ORIAS, Registre d\u2019immatriculation des Interm\u00e9diaires en Assurances, n\u00b0 14\u00a0003 310 (www.orias.fr) &#8211; celle-ci garantit notamment [&hellip;]\" \/>\n<meta property=\"og:url\" content=\"https:\/\/aresa-solutions.fr\/index.php\/mentions-legales\/\" \/>\n<meta property=\"og:site_name\" content=\"Aresa-solutions\" \/>\n<meta property=\"article:modified_time\" content=\"2025-03-13T13:34:10+00:00\" \/>\n<meta name=\"twitter:card\" content=\"summary_large_image\" \/>\n<meta name=\"twitter:label1\" content=\"Dur\u00e9e de lecture estim\u00e9e\" \/>\n\t<meta name=\"twitter:data1\" content=\"5 minutes\" \/>\n<script type=\"application\/ld+json\" class=\"yoast-schema-graph\">{\"@context\":\"https:\/\/schema.org\",\"@graph\":[{\"@type\":\"WebPage\",\"@id\":\"https:\/\/aresa-solutions.fr\/index.php\/mentions-legales\/\",\"url\":\"https:\/\/aresa-solutions.fr\/index.php\/mentions-legales\/\",\"name\":\"Mentions l\u00e9gales - Aresa-solutions\",\"isPartOf\":{\"@id\":\"http:\/\/aresa-solutions.fr\/#website\"},\"datePublished\":\"2024-05-13T12:14:42+00:00\",\"dateModified\":\"2025-03-13T13:34:10+00:00\",\"breadcrumb\":{\"@id\":\"https:\/\/aresa-solutions.fr\/index.php\/mentions-legales\/#breadcrumb\"},\"inLanguage\":\"fr-FR\",\"potentialAction\":[{\"@type\":\"ReadAction\",\"target\":[\"https:\/\/aresa-solutions.fr\/index.php\/mentions-legales\/\"]}]},{\"@type\":\"BreadcrumbList\",\"@id\":\"https:\/\/aresa-solutions.fr\/index.php\/mentions-legales\/#breadcrumb\",\"itemListElement\":[{\"@type\":\"ListItem\",\"position\":1,\"name\":\"Accueil\",\"item\":\"http:\/\/aresa-solutions.fr\/\"},{\"@type\":\"ListItem\",\"position\":2,\"name\":\"Mentions l\u00e9gales\"}]},{\"@type\":\"WebSite\",\"@id\":\"http:\/\/aresa-solutions.fr\/#website\",\"url\":\"http:\/\/aresa-solutions.fr\/\",\"name\":\"Aresa-solutions\",\"description\":\"\",\"publisher\":{\"@id\":\"http:\/\/aresa-solutions.fr\/#organization\"},\"potentialAction\":[{\"@type\":\"SearchAction\",\"target\":{\"@type\":\"EntryPoint\",\"urlTemplate\":\"http:\/\/aresa-solutions.fr\/?s={search_term_string}\"},\"query-input\":\"required name=search_term_string\"}],\"inLanguage\":\"fr-FR\"},{\"@type\":\"Organization\",\"@id\":\"http:\/\/aresa-solutions.fr\/#organization\",\"name\":\"Aresa-solutions\",\"url\":\"http:\/\/aresa-solutions.fr\/\",\"logo\":{\"@type\":\"ImageObject\",\"inLanguage\":\"fr-FR\",\"@id\":\"http:\/\/aresa-solutions.fr\/#\/schema\/logo\/image\/\",\"url\":\"https:\/\/aresa-solutions.fr\/wp-content\/uploads\/2024\/02\/logo.png\",\"contentUrl\":\"https:\/\/aresa-solutions.fr\/wp-content\/uploads\/2024\/02\/logo.png\",\"width\":490,\"height\":206,\"caption\":\"Aresa-solutions\"},\"image\":{\"@id\":\"http:\/\/aresa-solutions.fr\/#\/schema\/logo\/image\/\"}}]}<\/script>\n<!-- \/ Yoast SEO plugin. -->","yoast_head_json":{"title":"Mentions l\u00e9gales - Aresa-solutions","robots":{"index":"index","follow":"follow","max-snippet":"max-snippet:-1","max-image-preview":"max-image-preview:large","max-video-preview":"max-video-preview:-1"},"canonical":"https:\/\/aresa-solutions.fr\/index.php\/mentions-legales\/","og_locale":"fr_FR","og_type":"article","og_title":"Mentions l\u00e9gales - Aresa-solutions","og_description":"Mentions l\u00e9gales Si\u00e8ge social : 8 rue de l\u2019Argonne 67000 Strasbourg T\u00e9l\u00a0: 03.90.41.09.10 courtage@aresa-solutions.fr SAS au capital de 30\u00a0000 euros &#8211; APE 6622 ZR.C.S Strasbourg 800\u00a0719 064 &#8211; Siret\u00a0: 800\u00a0719\u00a0064 00027. N\u00b0 TVA Intracommunautaire FR 258 007 190 64 Immatriculation ORIAS, Registre d\u2019immatriculation des Interm\u00e9diaires en Assurances, n\u00b0 14\u00a0003 310 (www.orias.fr) &#8211; celle-ci garantit notamment [&hellip;]","og_url":"https:\/\/aresa-solutions.fr\/index.php\/mentions-legales\/","og_site_name":"Aresa-solutions","article_modified_time":"2025-03-13T13:34:10+00:00","twitter_card":"summary_large_image","twitter_misc":{"Dur\u00e9e de lecture estim\u00e9e":"5 minutes"},"schema":{"@context":"https:\/\/schema.org","@graph":[{"@type":"WebPage","@id":"https:\/\/aresa-solutions.fr\/index.php\/mentions-legales\/","url":"https:\/\/aresa-solutions.fr\/index.php\/mentions-legales\/","name":"Mentions l\u00e9gales - Aresa-solutions","isPartOf":{"@id":"http:\/\/aresa-solutions.fr\/#website"},"datePublished":"2024-05-13T12:14:42+00:00","dateModified":"2025-03-13T13:34:10+00:00","breadcrumb":{"@id":"https:\/\/aresa-solutions.fr\/index.php\/mentions-legales\/#breadcrumb"},"inLanguage":"fr-FR","potentialAction":[{"@type":"ReadAction","target":["https:\/\/aresa-solutions.fr\/index.php\/mentions-legales\/"]}]},{"@type":"BreadcrumbList","@id":"https:\/\/aresa-solutions.fr\/index.php\/mentions-legales\/#breadcrumb","itemListElement":[{"@type":"ListItem","position":1,"name":"Accueil","item":"http:\/\/aresa-solutions.fr\/"},{"@type":"ListItem","position":2,"name":"Mentions l\u00e9gales"}]},{"@type":"WebSite","@id":"http:\/\/aresa-solutions.fr\/#website","url":"http:\/\/aresa-solutions.fr\/","name":"Aresa-solutions","description":"","publisher":{"@id":"http:\/\/aresa-solutions.fr\/#organization"},"potentialAction":[{"@type":"SearchAction","target":{"@type":"EntryPoint","urlTemplate":"http:\/\/aresa-solutions.fr\/?s={search_term_string}"},"query-input":"required name=search_term_string"}],"inLanguage":"fr-FR"},{"@type":"Organization","@id":"http:\/\/aresa-solutions.fr\/#organization","name":"Aresa-solutions","url":"http:\/\/aresa-solutions.fr\/","logo":{"@type":"ImageObject","inLanguage":"fr-FR","@id":"http:\/\/aresa-solutions.fr\/#\/schema\/logo\/image\/","url":"https:\/\/aresa-solutions.fr\/wp-content\/uploads\/2024\/02\/logo.png","contentUrl":"https:\/\/aresa-solutions.fr\/wp-content\/uploads\/2024\/02\/logo.png","width":490,"height":206,"caption":"Aresa-solutions"},"image":{"@id":"http:\/\/aresa-solutions.fr\/#\/schema\/logo\/image\/"}}]}},"_links":{"self":[{"href":"https:\/\/aresa-solutions.fr\/index.php\/wp-json\/wp\/v2\/pages\/471","targetHints":{"allow":["GET"]}}],"collection":[{"href":"https:\/\/aresa-solutions.fr\/index.php\/wp-json\/wp\/v2\/pages"}],"about":[{"href":"https:\/\/aresa-solutions.fr\/index.php\/wp-json\/wp\/v2\/types\/page"}],"author":[{"embeddable":true,"href":"https:\/\/aresa-solutions.fr\/index.php\/wp-json\/wp\/v2\/users\/2"}],"replies":[{"embeddable":true,"href":"https:\/\/aresa-solutions.fr\/index.php\/wp-json\/wp\/v2\/comments?post=471"}],"version-history":[{"count":16,"href":"https:\/\/aresa-solutions.fr\/index.php\/wp-json\/wp\/v2\/pages\/471\/revisions"}],"predecessor-version":[{"id":952,"href":"https:\/\/aresa-solutions.fr\/index.php\/wp-json\/wp\/v2\/pages\/471\/revisions\/952"}],"wp:attachment":[{"href":"https:\/\/aresa-solutions.fr\/index.php\/wp-json\/wp\/v2\/media?parent=471"}],"curies":[{"name":"wp","href":"https:\/\/api.w.org\/{rel}","templated":true}]}}