{"id":346,"date":"2024-04-23T16:02:08","date_gmt":"2024-04-23T14:02:08","guid":{"rendered":"http:\/\/qpfmhmp.cluster024.hosting.ovh.net\/wp-aresa\/?page_id=346"},"modified":"2024-06-24T00:42:04","modified_gmt":"2024-06-23T22:42:04","slug":"activites-sensibles","status":"publish","type":"page","link":"https:\/\/aresa-solutions.fr\/index.php\/activites-sensibles\/","title":{"rendered":"Activit\u00e9s sensibles"},"content":{"rendered":"\t\t<div data-elementor-type=\"wp-post\" data-elementor-id=\"346\" class=\"elementor elementor-346\">\n\t\t\t\t<div class=\"elementor-element elementor-element-ba563d9 elementor-hidden-tablet elementor-hidden-mobile e-flex e-con-boxed e-con e-parent\" data-id=\"ba563d9\" data-element_type=\"container\" data-settings=\"{&quot;background_background&quot;:&quot;slideshow&quot;,&quot;background_slideshow_gallery&quot;:[{&quot;id&quot;:676,&quot;url&quot;:&quot;http:\\\/\\\/aresa-solutions.fr\\\/wp-content\\\/uploads\\\/2024\\\/05\\\/Activite-sensibles-min.png&quot;}],&quot;background_slideshow_loop&quot;:&quot;yes&quot;,&quot;background_slideshow_slide_duration&quot;:5000,&quot;background_slideshow_slide_transition&quot;:&quot;fade&quot;,&quot;background_slideshow_transition_duration&quot;:500}\" data-core-v316-plus=\"true\">\n\t\t\t\t\t<div class=\"e-con-inner\">\n\t\t\t\t\t<\/div>\n\t\t\t\t<\/div>\n\t\t<div class=\"elementor-element elementor-element-f0c6f31 elementor-hidden-desktop e-flex e-con-boxed e-con e-parent\" data-id=\"f0c6f31\" data-element_type=\"container\" data-settings=\"{&quot;background_background&quot;:&quot;slideshow&quot;,&quot;background_slideshow_gallery&quot;:[{&quot;id&quot;:815,&quot;url&quot;:&quot;http:\\\/\\\/aresa-solutions.fr\\\/wp-content\\\/uploads\\\/2024\\\/06\\\/Activite-sensibles-1.png&quot;}],&quot;background_slideshow_loop&quot;:&quot;yes&quot;,&quot;background_slideshow_slide_duration&quot;:5000,&quot;background_slideshow_slide_transition&quot;:&quot;fade&quot;,&quot;background_slideshow_transition_duration&quot;:500}\" data-core-v316-plus=\"true\">\n\t\t\t\t\t<div class=\"e-con-inner\">\n\t\t\t\t\t<\/div>\n\t\t\t\t<\/div>\n\t\t<div class=\"elementor-element elementor-element-beae229 e-flex e-con-boxed e-con e-parent\" data-id=\"beae229\" data-element_type=\"container\" data-core-v316-plus=\"true\">\n\t\t\t\t\t<div class=\"e-con-inner\">\n\t\t\t\t<div class=\"elementor-element elementor-element-f1cd9c3 elementor-widget elementor-widget-spacer\" data-id=\"f1cd9c3\" data-element_type=\"widget\" data-widget_type=\"spacer.default\">\n\t\t\t\t<div class=\"elementor-widget-container\">\n\t\t\t<style>\/*! elementor - v3.20.0 - 26-03-2024 *\/\n.elementor-column .elementor-spacer-inner{height:var(--spacer-size)}.e-con{--container-widget-width:100%}.e-con-inner>.elementor-widget-spacer,.e-con>.elementor-widget-spacer{width:var(--container-widget-width,var(--spacer-size));--align-self:var(--container-widget-align-self,initial);--flex-shrink:0}.e-con-inner>.elementor-widget-spacer>.elementor-widget-container,.e-con>.elementor-widget-spacer>.elementor-widget-container{height:100%;width:100%}.e-con-inner>.elementor-widget-spacer>.elementor-widget-container>.elementor-spacer,.e-con>.elementor-widget-spacer>.elementor-widget-container>.elementor-spacer{height:100%}.e-con-inner>.elementor-widget-spacer>.elementor-widget-container>.elementor-spacer>.elementor-spacer-inner,.e-con>.elementor-widget-spacer>.elementor-widget-container>.elementor-spacer>.elementor-spacer-inner{height:var(--container-widget-height,var(--spacer-size))}.e-con-inner>.elementor-widget-spacer.elementor-widget-empty,.e-con>.elementor-widget-spacer.elementor-widget-empty{position:relative;min-height:22px;min-width:22px}.e-con-inner>.elementor-widget-spacer.elementor-widget-empty .elementor-widget-empty-icon,.e-con>.elementor-widget-spacer.elementor-widget-empty .elementor-widget-empty-icon{position:absolute;top:0;bottom:0;left:0;right:0;margin:auto;padding:0;width:22px;height:22px}<\/style>\t\t<div class=\"elementor-spacer\">\n\t\t\t<div class=\"elementor-spacer-inner\"><\/div>\n\t\t<\/div>\n\t\t\t\t<\/div>\n\t\t\t\t<\/div>\n\t\t\t\t\t<\/div>\n\t\t\t\t<\/div>\n\t\t<div class=\"elementor-element elementor-element-c9058db e-flex e-con-boxed e-con e-parent\" data-id=\"c9058db\" data-element_type=\"container\" data-core-v316-plus=\"true\">\n\t\t\t\t\t<div class=\"e-con-inner\">\n\t\t<div class=\"elementor-element elementor-element-d7c07c5 e-con-full e-flex e-con e-child\" data-id=\"d7c07c5\" data-element_type=\"container\">\n\t\t\t\t<div class=\"elementor-element elementor-element-3e3ea23 elementor-widget elementor-widget-heading\" data-id=\"3e3ea23\" data-element_type=\"widget\" data-widget_type=\"heading.default\">\n\t\t\t\t<div class=\"elementor-widget-container\">\n\t\t\t<style>\/*! elementor - v3.20.0 - 26-03-2024 *\/\n.elementor-heading-title{padding:0;margin:0;line-height:1}.elementor-widget-heading .elementor-heading-title[class*=elementor-size-]>a{color:inherit;font-size:inherit;line-height:inherit}.elementor-widget-heading .elementor-heading-title.elementor-size-small{font-size:15px}.elementor-widget-heading .elementor-heading-title.elementor-size-medium{font-size:19px}.elementor-widget-heading .elementor-heading-title.elementor-size-large{font-size:29px}.elementor-widget-heading .elementor-heading-title.elementor-size-xl{font-size:39px}.elementor-widget-heading .elementor-heading-title.elementor-size-xxl{font-size:59px}<\/style><h2 class=\"elementor-heading-title elementor-size-default\">Pour qui ?<\/h2>\t\t<\/div>\n\t\t\t\t<\/div>\n\t\t\t\t<div class=\"elementor-element elementor-element-1c84a4a elementor-widget elementor-widget-text-editor\" data-id=\"1c84a4a\" data-element_type=\"widget\" data-widget_type=\"text-editor.default\">\n\t\t\t\t<div class=\"elementor-widget-container\">\n\t\t\t<style>\/*! elementor - v3.20.0 - 26-03-2024 *\/\n.elementor-widget-text-editor.elementor-drop-cap-view-stacked .elementor-drop-cap{background-color:#69727d;color:#fff}.elementor-widget-text-editor.elementor-drop-cap-view-framed .elementor-drop-cap{color:#69727d;border:3px solid;background-color:transparent}.elementor-widget-text-editor:not(.elementor-drop-cap-view-default) .elementor-drop-cap{margin-top:8px}.elementor-widget-text-editor:not(.elementor-drop-cap-view-default) .elementor-drop-cap-letter{width:1em;height:1em}.elementor-widget-text-editor .elementor-drop-cap{float:left;text-align:center;line-height:1;font-size:50px}.elementor-widget-text-editor .elementor-drop-cap-letter{display:inline-block}<\/style>\t\t\t\t<p><span style=\"font-size: inherit; text-align: inherit; color: var(--theme-text-color); font-style: var(--theme-font-style, inherit); font-weight: var(--theme-font-weight); letter-spacing: var(--theme-letter-spacing); text-transform: var(--theme-text-transform);\">Vous avez :<\/span><\/p>\n<ul>\n<li><span style=\"font-size: inherit; text-align: inherit; color: var(--theme-text-color); font-style: var(--theme-font-style, inherit); font-weight: var(--theme-font-weight); letter-spacing: var(--theme-letter-spacing); text-transform: var(--theme-text-transform);\">une activit\u00e9 accidentog\u00e8ne ou une expertise sp\u00e9cifique ?&nbsp;<\/span><\/li>\n<li><span style=\"font-size: inherit; text-align: inherit; color: var(--theme-text-color); font-style: var(--theme-font-style, inherit); font-weight: var(--theme-font-weight); letter-spacing: var(--theme-letter-spacing); text-transform: var(--theme-text-transform);\">un b\u00e2timent aux caract\u00e9ristiques particuli\u00e8res ? d<\/span><span style=\"font-size: inherit; text-align: inherit; color: var(--theme-text-color); font-style: var(--theme-font-style, inherit); font-weight: var(--theme-font-weight); letter-spacing: var(--theme-letter-spacing); text-transform: var(--theme-text-transform);\">e la technique non courante.&nbsp;<\/span><\/li>\n<\/ul>\n<p><span style=\"font-size: inherit; text-align: inherit; color: var(--theme-text-color); font-style: var(--theme-font-style, inherit); font-weight: var(--theme-font-weight); letter-spacing: var(--theme-letter-spacing); text-transform: var(--theme-text-transform);\">Nous sommes l\u00e0 pour vous trouver la meilleure solution.<\/span><\/p>\n<p><\/p>\t\t\t\t\t\t<\/div>\n\t\t\t\t<\/div>\n\t\t\t\t<\/div>\n\t\t<div class=\"elementor-element elementor-element-173e941 e-con-full e-flex e-con e-child\" data-id=\"173e941\" data-element_type=\"container\">\n\t\t\t\t<div class=\"elementor-element elementor-element-2fce497 elementor-widget elementor-widget-heading\" data-id=\"2fce497\" data-element_type=\"widget\" data-widget_type=\"heading.default\">\n\t\t\t\t<div class=\"elementor-widget-container\">\n\t\t\t<h2 class=\"elementor-heading-title elementor-size-default\">Pour quoi ?<\/h2>\t\t<\/div>\n\t\t\t\t<\/div>\n\t\t\t\t<div class=\"elementor-element elementor-element-b82c3f1 elementor-widget elementor-widget-text-editor\" data-id=\"b82c3f1\" data-element_type=\"widget\" data-widget_type=\"text-editor.default\">\n\t\t\t\t<div class=\"elementor-widget-container\">\n\t\t\t\t\t\t\t<p>Quelques exemples de cas particuliers pour lesquels nous avons des solutions d\u2019assurances :<\/p>\n<ul>\n<li>construction de maisons rotatives \u00e0 ossature bois<\/li>\n<li>immeubles vides ou sinistr\u00e9s<\/li>\n<li>immeubles en arr\u00eat\u00e9 de p\u00e9ril<\/li>\n<li>producteur &amp; distributeur d\u2019\u00e9lectricit\u00e9<\/li>\n<li>BET en ol\u00e9oducs et gazoducs<\/li>\n<li>fabricant de mat\u00e9riaux de construction qualifi\u00e9s d&rsquo;Epers<\/li>\n<li>Site de traitement de D3E et de fabrication de CSR&nbsp;<\/li>\n<li>Activit\u00e9s li\u00e9es au traitement des d\u00e9chets et \u00e0 la revalorisation des mat\u00e9riaux<\/li>\n<li>Site inondable en PPRI zone rouge<\/li>\n<li>Fabricant de pi\u00e8ces pour zone immerg\u00e9e ou nucl\u00e9aire<\/li>\n<\/ul>\t\t\t\t\t\t<\/div>\n\t\t\t\t<\/div>\n\t\t\t\t<\/div>\n\t\t\t\t\t<\/div>\n\t\t\t\t<\/div>\n\t\t<div class=\"elementor-element elementor-element-d810588 e-flex e-con-boxed e-con e-parent\" data-id=\"d810588\" data-element_type=\"container\" data-core-v316-plus=\"true\">\n\t\t\t\t\t<div class=\"e-con-inner\">\n\t\t\t\t<div class=\"elementor-element elementor-element-3160ed4 elementor-widget elementor-widget-spacer\" data-id=\"3160ed4\" data-element_type=\"widget\" data-widget_type=\"spacer.default\">\n\t\t\t\t<div class=\"elementor-widget-container\">\n\t\t\t\t\t<div class=\"elementor-spacer\">\n\t\t\t<div class=\"elementor-spacer-inner\"><\/div>\n\t\t<\/div>\n\t\t\t\t<\/div>\n\t\t\t\t<\/div>\n\t\t\t\t<div class=\"elementor-element elementor-element-a34cbe5 elementor-align-center elementor-widget elementor-widget-button\" data-id=\"a34cbe5\" data-element_type=\"widget\" data-widget_type=\"button.default\">\n\t\t\t\t<div class=\"elementor-widget-container\">\n\t\t\t\t\t<div class=\"elementor-button-wrapper\">\n\t\t\t<a class=\"elementor-button elementor-button-link elementor-size-sm\" href=\"https:\/\/aresa-solutions.fr\/index.php\/contacts\/\">\n\t\t\t\t\t\t<span class=\"elementor-button-content-wrapper\">\n\t\t\t\t\t\t<span class=\"elementor-button-text\">Nous contacter<\/span>\n\t\t<\/span>\n\t\t\t\t\t<\/a>\n\t\t<\/div>\n\t\t\t\t<\/div>\n\t\t\t\t<\/div>\n\t\t\t\t\t<\/div>\n\t\t\t\t<\/div>\n\t\t\t\t<\/div>\n\t\t","protected":false},"excerpt":{"rendered":"<p>Pour qui ? Vous avez : une activit\u00e9 accidentog\u00e8ne ou une expertise sp\u00e9cifique ?&nbsp; un b\u00e2timent aux caract\u00e9ristiques particuli\u00e8res ? de la technique non courante.&nbsp; Nous sommes l\u00e0 pour vous trouver la meilleure solution. Pour quoi ? Quelques exemples de cas particuliers pour lesquels nous avons des solutions d\u2019assurances : construction de maisons rotatives \u00e0 [&hellip;]<\/p>\n","protected":false},"author":2,"featured_media":0,"parent":0,"menu_order":0,"comment_status":"closed","ping_status":"closed","template":"","meta":{"inline_featured_image":false,"footnotes":""},"class_list":["post-346","page","type-page","status-publish","hentry"],"blocksy_meta":[],"yoast_head":"<!-- This site is optimized with the Yoast SEO plugin v22.4 - https:\/\/yoast.com\/wordpress\/plugins\/seo\/ -->\n<title>Activit\u00e9s sensibles - Aresa-solutions<\/title>\n<meta name=\"robots\" content=\"index, follow, max-snippet:-1, max-image-preview:large, max-video-preview:-1\" \/>\n<link rel=\"canonical\" href=\"http:\/\/aresa-solutions.fr\/index.php\/activites-sensibles\/\" \/>\n<meta property=\"og:locale\" content=\"fr_FR\" \/>\n<meta property=\"og:type\" content=\"article\" \/>\n<meta property=\"og:title\" content=\"Activit\u00e9s sensibles - Aresa-solutions\" \/>\n<meta property=\"og:description\" content=\"Pour qui ? Vous avez : une activit\u00e9 accidentog\u00e8ne ou une expertise sp\u00e9cifique ?&nbsp; un b\u00e2timent aux caract\u00e9ristiques particuli\u00e8res ? de la technique non courante.&nbsp; Nous sommes l\u00e0 pour vous trouver la meilleure solution. Pour quoi ? Quelques exemples de cas particuliers pour lesquels nous avons des solutions d\u2019assurances : construction de maisons rotatives \u00e0 [&hellip;]\" \/>\n<meta property=\"og:url\" content=\"http:\/\/aresa-solutions.fr\/index.php\/activites-sensibles\/\" \/>\n<meta property=\"og:site_name\" content=\"Aresa-solutions\" \/>\n<meta property=\"article:modified_time\" content=\"2024-06-23T22:42:04+00:00\" \/>\n<meta name=\"twitter:card\" content=\"summary_large_image\" \/>\n<meta name=\"twitter:label1\" content=\"Dur\u00e9e de lecture estim\u00e9e\" \/>\n\t<meta name=\"twitter:data1\" content=\"1 minute\" \/>\n<script type=\"application\/ld+json\" class=\"yoast-schema-graph\">{\"@context\":\"https:\/\/schema.org\",\"@graph\":[{\"@type\":\"WebPage\",\"@id\":\"http:\/\/aresa-solutions.fr\/index.php\/activites-sensibles\/\",\"url\":\"http:\/\/aresa-solutions.fr\/index.php\/activites-sensibles\/\",\"name\":\"Activit\u00e9s sensibles - Aresa-solutions\",\"isPartOf\":{\"@id\":\"https:\/\/aresa-solutions.fr\/#website\"},\"datePublished\":\"2024-04-23T14:02:08+00:00\",\"dateModified\":\"2024-06-23T22:42:04+00:00\",\"breadcrumb\":{\"@id\":\"http:\/\/aresa-solutions.fr\/index.php\/activites-sensibles\/#breadcrumb\"},\"inLanguage\":\"fr-FR\",\"potentialAction\":[{\"@type\":\"ReadAction\",\"target\":[\"http:\/\/aresa-solutions.fr\/index.php\/activites-sensibles\/\"]}]},{\"@type\":\"BreadcrumbList\",\"@id\":\"http:\/\/aresa-solutions.fr\/index.php\/activites-sensibles\/#breadcrumb\",\"itemListElement\":[{\"@type\":\"ListItem\",\"position\":1,\"name\":\"Accueil\",\"item\":\"https:\/\/aresa-solutions.fr\/\"},{\"@type\":\"ListItem\",\"position\":2,\"name\":\"Activit\u00e9s sensibles\"}]},{\"@type\":\"WebSite\",\"@id\":\"https:\/\/aresa-solutions.fr\/#website\",\"url\":\"https:\/\/aresa-solutions.fr\/\",\"name\":\"Aresa-solutions\",\"description\":\"\",\"publisher\":{\"@id\":\"https:\/\/aresa-solutions.fr\/#organization\"},\"potentialAction\":[{\"@type\":\"SearchAction\",\"target\":{\"@type\":\"EntryPoint\",\"urlTemplate\":\"https:\/\/aresa-solutions.fr\/?s={search_term_string}\"},\"query-input\":\"required name=search_term_string\"}],\"inLanguage\":\"fr-FR\"},{\"@type\":\"Organization\",\"@id\":\"https:\/\/aresa-solutions.fr\/#organization\",\"name\":\"Aresa-solutions\",\"url\":\"https:\/\/aresa-solutions.fr\/\",\"logo\":{\"@type\":\"ImageObject\",\"inLanguage\":\"fr-FR\",\"@id\":\"https:\/\/aresa-solutions.fr\/#\/schema\/logo\/image\/\",\"url\":\"https:\/\/aresa-solutions.fr\/wp-content\/uploads\/2024\/02\/logo.png\",\"contentUrl\":\"https:\/\/aresa-solutions.fr\/wp-content\/uploads\/2024\/02\/logo.png\",\"width\":490,\"height\":206,\"caption\":\"Aresa-solutions\"},\"image\":{\"@id\":\"https:\/\/aresa-solutions.fr\/#\/schema\/logo\/image\/\"}}]}<\/script>\n<!-- \/ Yoast SEO plugin. -->","yoast_head_json":{"title":"Activit\u00e9s sensibles - Aresa-solutions","robots":{"index":"index","follow":"follow","max-snippet":"max-snippet:-1","max-image-preview":"max-image-preview:large","max-video-preview":"max-video-preview:-1"},"canonical":"http:\/\/aresa-solutions.fr\/index.php\/activites-sensibles\/","og_locale":"fr_FR","og_type":"article","og_title":"Activit\u00e9s sensibles - Aresa-solutions","og_description":"Pour qui ? Vous avez : une activit\u00e9 accidentog\u00e8ne ou une expertise sp\u00e9cifique ?&nbsp; un b\u00e2timent aux caract\u00e9ristiques particuli\u00e8res ? de la technique non courante.&nbsp; Nous sommes l\u00e0 pour vous trouver la meilleure solution. Pour quoi ? Quelques exemples de cas particuliers pour lesquels nous avons des solutions d\u2019assurances : construction de maisons rotatives \u00e0 [&hellip;]","og_url":"http:\/\/aresa-solutions.fr\/index.php\/activites-sensibles\/","og_site_name":"Aresa-solutions","article_modified_time":"2024-06-23T22:42:04+00:00","twitter_card":"summary_large_image","twitter_misc":{"Dur\u00e9e de lecture estim\u00e9e":"1 minute"},"schema":{"@context":"https:\/\/schema.org","@graph":[{"@type":"WebPage","@id":"http:\/\/aresa-solutions.fr\/index.php\/activites-sensibles\/","url":"http:\/\/aresa-solutions.fr\/index.php\/activites-sensibles\/","name":"Activit\u00e9s sensibles - Aresa-solutions","isPartOf":{"@id":"https:\/\/aresa-solutions.fr\/#website"},"datePublished":"2024-04-23T14:02:08+00:00","dateModified":"2024-06-23T22:42:04+00:00","breadcrumb":{"@id":"http:\/\/aresa-solutions.fr\/index.php\/activites-sensibles\/#breadcrumb"},"inLanguage":"fr-FR","potentialAction":[{"@type":"ReadAction","target":["http:\/\/aresa-solutions.fr\/index.php\/activites-sensibles\/"]}]},{"@type":"BreadcrumbList","@id":"http:\/\/aresa-solutions.fr\/index.php\/activites-sensibles\/#breadcrumb","itemListElement":[{"@type":"ListItem","position":1,"name":"Accueil","item":"https:\/\/aresa-solutions.fr\/"},{"@type":"ListItem","position":2,"name":"Activit\u00e9s sensibles"}]},{"@type":"WebSite","@id":"https:\/\/aresa-solutions.fr\/#website","url":"https:\/\/aresa-solutions.fr\/","name":"Aresa-solutions","description":"","publisher":{"@id":"https:\/\/aresa-solutions.fr\/#organization"},"potentialAction":[{"@type":"SearchAction","target":{"@type":"EntryPoint","urlTemplate":"https:\/\/aresa-solutions.fr\/?s={search_term_string}"},"query-input":"required name=search_term_string"}],"inLanguage":"fr-FR"},{"@type":"Organization","@id":"https:\/\/aresa-solutions.fr\/#organization","name":"Aresa-solutions","url":"https:\/\/aresa-solutions.fr\/","logo":{"@type":"ImageObject","inLanguage":"fr-FR","@id":"https:\/\/aresa-solutions.fr\/#\/schema\/logo\/image\/","url":"https:\/\/aresa-solutions.fr\/wp-content\/uploads\/2024\/02\/logo.png","contentUrl":"https:\/\/aresa-solutions.fr\/wp-content\/uploads\/2024\/02\/logo.png","width":490,"height":206,"caption":"Aresa-solutions"},"image":{"@id":"https:\/\/aresa-solutions.fr\/#\/schema\/logo\/image\/"}}]}},"_links":{"self":[{"href":"https:\/\/aresa-solutions.fr\/index.php\/wp-json\/wp\/v2\/pages\/346","targetHints":{"allow":["GET"]}}],"collection":[{"href":"https:\/\/aresa-solutions.fr\/index.php\/wp-json\/wp\/v2\/pages"}],"about":[{"href":"https:\/\/aresa-solutions.fr\/index.php\/wp-json\/wp\/v2\/types\/page"}],"author":[{"embeddable":true,"href":"https:\/\/aresa-solutions.fr\/index.php\/wp-json\/wp\/v2\/users\/2"}],"replies":[{"embeddable":true,"href":"https:\/\/aresa-solutions.fr\/index.php\/wp-json\/wp\/v2\/comments?post=346"}],"version-history":[{"count":40,"href":"https:\/\/aresa-solutions.fr\/index.php\/wp-json\/wp\/v2\/pages\/346\/revisions"}],"predecessor-version":[{"id":860,"href":"https:\/\/aresa-solutions.fr\/index.php\/wp-json\/wp\/v2\/pages\/346\/revisions\/860"}],"wp:attachment":[{"href":"https:\/\/aresa-solutions.fr\/index.php\/wp-json\/wp\/v2\/media?parent=346"}],"curies":[{"name":"wp","href":"https:\/\/api.w.org\/{rel}","templated":true}]}}