{"id":1127,"date":"2025-09-12T14:57:48","date_gmt":"2025-09-12T12:57:48","guid":{"rendered":"http:\/\/aresa-solutions.fr\/?page_id=1127"},"modified":"2025-09-17T09:23:33","modified_gmt":"2025-09-17T07:23:33","slug":"negociants-2-a-valider","status":"publish","type":"page","link":"https:\/\/aresa-solutions.fr\/index.php\/negociants-2-a-valider\/","title":{"rendered":"N\u00e9gociants 2  A valider"},"content":{"rendered":"\t\t<div data-elementor-type=\"wp-post\" data-elementor-id=\"1127\" class=\"elementor elementor-1127\">\n\t\t\t\t<div class=\"elementor-element elementor-element-ba563d9 e-con-full elementor-hidden-tablet elementor-hidden-mobile e-flex e-con e-parent\" data-id=\"ba563d9\" data-element_type=\"container\" data-settings=\"{&quot;background_background&quot;:&quot;slideshow&quot;,&quot;background_slideshow_gallery&quot;:[{&quot;id&quot;:1152,&quot;url&quot;:&quot;http:\\\/\\\/aresa-solutions.fr\\\/wp-content\\\/uploads\\\/2025\\\/09\\\/CNDO-2.png&quot;}],&quot;background_slideshow_loop&quot;:&quot;yes&quot;,&quot;background_slideshow_slide_duration&quot;:5000,&quot;background_slideshow_slide_transition&quot;:&quot;fade&quot;,&quot;background_slideshow_transition_duration&quot;:500}\" data-core-v316-plus=\"true\">\n\t\t\t\t<\/div>\n\t\t<div class=\"elementor-element elementor-element-c9058db e-con-full e-flex e-con e-parent\" data-id=\"c9058db\" data-element_type=\"container\" data-core-v316-plus=\"true\">\n\t\t<div class=\"elementor-element elementor-element-173e941 e-con-full e-flex e-con e-child\" data-id=\"173e941\" data-element_type=\"container\">\n\t\t\t\t<div class=\"elementor-element elementor-element-2fce497 elementor-widget__width-initial elementor-widget elementor-widget-heading\" data-id=\"2fce497\" data-element_type=\"widget\" data-widget_type=\"heading.default\">\n\t\t\t\t<div class=\"elementor-widget-container\">\n\t\t\t<style>\/*! elementor - v3.20.0 - 26-03-2024 *\/\n.elementor-heading-title{padding:0;margin:0;line-height:1}.elementor-widget-heading .elementor-heading-title[class*=elementor-size-]>a{color:inherit;font-size:inherit;line-height:inherit}.elementor-widget-heading .elementor-heading-title.elementor-size-small{font-size:15px}.elementor-widget-heading .elementor-heading-title.elementor-size-medium{font-size:19px}.elementor-widget-heading .elementor-heading-title.elementor-size-large{font-size:29px}.elementor-widget-heading .elementor-heading-title.elementor-size-xl{font-size:39px}.elementor-widget-heading .elementor-heading-title.elementor-size-xxl{font-size:59px}<\/style><h3 class=\"elementor-heading-title elementor-size-default\">Notre offre assure vos locaux, vos activit\u00e9s et votre stock, m\u00eame en exp\u00e9dition : <\/h3>\t\t<\/div>\n\t\t\t\t<\/div>\n\t\t\t\t<div class=\"elementor-element elementor-element-b82c3f1 elementor-widget elementor-widget-text-editor\" data-id=\"b82c3f1\" data-element_type=\"widget\" data-widget_type=\"text-editor.default\">\n\t\t\t\t<div class=\"elementor-widget-container\">\n\t\t\t<style>\/*! elementor - v3.20.0 - 26-03-2024 *\/\n.elementor-widget-text-editor.elementor-drop-cap-view-stacked .elementor-drop-cap{background-color:#69727d;color:#fff}.elementor-widget-text-editor.elementor-drop-cap-view-framed .elementor-drop-cap{color:#69727d;border:3px solid;background-color:transparent}.elementor-widget-text-editor:not(.elementor-drop-cap-view-default) .elementor-drop-cap{margin-top:8px}.elementor-widget-text-editor:not(.elementor-drop-cap-view-default) .elementor-drop-cap-letter{width:1em;height:1em}.elementor-widget-text-editor .elementor-drop-cap{float:left;text-align:center;line-height:1;font-size:50px}.elementor-widget-text-editor .elementor-drop-cap-letter{display:inline-block}<\/style>\t\t\t\t<h4><em>Une couverture pens\u00e9e pour votre quotidien<\/em><\/h4><ul><li>Prise en compte de la variabilit\u00e9 de vos stocks<\/li><li><span style=\"font-size: inherit; text-align: inherit;\">Garantie transport : Couverture des valeurs d\u00e9clar\u00e9es \u00e0 l&rsquo;envoi et \u00e0 la r\u00e9ception<\/span><\/li><li>Protection renforc\u00e9e pour votre personnel face aux risques d\u2019agression<\/li><li>Couverture compl\u00e8te de votre boutique, de vos biens et de vos \u00e9quipes<\/li><li>Perte d&rsquo;exploitation : Prise en charge jusqu&rsquo;\u00e0 6 mois<\/li><\/ul><h4><em>Des garanties haut de gamme pour des pi\u00e8ces d\u2019exception<\/em><\/h4><ul><li>Protection lors des d\u00e9placements professionnels<\/li><li>S\u00e9curisation du transport de vos valeurs d\u00e9clar\u00e9es, en France comme \u00e0 l&rsquo;international<\/li><li>Couverture optimis\u00e9e pour vos stocks de haute valeur<\/li><\/ul>\t\t\t\t\t\t<\/div>\n\t\t\t\t<\/div>\n\t\t\t\t<\/div>\n\t\t\t\t<\/div>\n\t\t<div class=\"elementor-element elementor-element-738a8fd e-flex e-con-boxed e-con e-parent\" data-id=\"738a8fd\" data-element_type=\"container\" data-core-v316-plus=\"true\">\n\t\t\t\t\t<div class=\"e-con-inner\">\n\t\t\t\t<div class=\"elementor-element elementor-element-a34cbe5 elementor-align-center elementor-widget__width-initial elementor-widget elementor-widget-button\" data-id=\"a34cbe5\" data-element_type=\"widget\" data-widget_type=\"button.default\">\n\t\t\t\t<div class=\"elementor-widget-container\">\n\t\t\t\t\t<div class=\"elementor-button-wrapper\">\n\t\t\t<a class=\"elementor-button elementor-button-link elementor-size-sm\" href=\"https:\/\/aresa-solutions.fr\/index.php\/contacts\/\">\n\t\t\t\t\t\t<span class=\"elementor-button-content-wrapper\">\n\t\t\t\t\t\t<span class=\"elementor-button-text\">Demandez un devis<\/span>\n\t\t<\/span>\n\t\t\t\t\t<\/a>\n\t\t<\/div>\n\t\t\t\t<\/div>\n\t\t\t\t<\/div>\n\t\t\t\t\t<\/div>\n\t\t\t\t<\/div>\n\t\t<div class=\"elementor-element elementor-element-d810588 e-flex e-con-boxed e-con e-parent\" data-id=\"d810588\" data-element_type=\"container\" data-core-v316-plus=\"true\">\n\t\t\t\t\t<div class=\"e-con-inner\">\n\t\t\t\t<div class=\"elementor-element elementor-element-12efb51 elementor-widget elementor-widget-text-editor\" data-id=\"12efb51\" data-element_type=\"widget\" data-widget_type=\"text-editor.default\">\n\t\t\t\t<div class=\"elementor-widget-container\">\n\t\t\t\t\t\t\t\t\t\t\t\t\t<\/div>\n\t\t\t\t<\/div>\n\t\t\t\t<div class=\"elementor-element elementor-element-7beff1e elementor-widget elementor-widget-spacer\" data-id=\"7beff1e\" data-element_type=\"widget\" data-widget_type=\"spacer.default\">\n\t\t\t\t<div class=\"elementor-widget-container\">\n\t\t\t<style>\/*! elementor - v3.20.0 - 26-03-2024 *\/\n.elementor-column .elementor-spacer-inner{height:var(--spacer-size)}.e-con{--container-widget-width:100%}.e-con-inner>.elementor-widget-spacer,.e-con>.elementor-widget-spacer{width:var(--container-widget-width,var(--spacer-size));--align-self:var(--container-widget-align-self,initial);--flex-shrink:0}.e-con-inner>.elementor-widget-spacer>.elementor-widget-container,.e-con>.elementor-widget-spacer>.elementor-widget-container{height:100%;width:100%}.e-con-inner>.elementor-widget-spacer>.elementor-widget-container>.elementor-spacer,.e-con>.elementor-widget-spacer>.elementor-widget-container>.elementor-spacer{height:100%}.e-con-inner>.elementor-widget-spacer>.elementor-widget-container>.elementor-spacer>.elementor-spacer-inner,.e-con>.elementor-widget-spacer>.elementor-widget-container>.elementor-spacer>.elementor-spacer-inner{height:var(--container-widget-height,var(--spacer-size))}.e-con-inner>.elementor-widget-spacer.elementor-widget-empty,.e-con>.elementor-widget-spacer.elementor-widget-empty{position:relative;min-height:22px;min-width:22px}.e-con-inner>.elementor-widget-spacer.elementor-widget-empty .elementor-widget-empty-icon,.e-con>.elementor-widget-spacer.elementor-widget-empty .elementor-widget-empty-icon{position:absolute;top:0;bottom:0;left:0;right:0;margin:auto;padding:0;width:22px;height:22px}<\/style>\t\t<div class=\"elementor-spacer\">\n\t\t\t<div class=\"elementor-spacer-inner\"><\/div>\n\t\t<\/div>\n\t\t\t\t<\/div>\n\t\t\t\t<\/div>\n\t\t\t\t\t<\/div>\n\t\t\t\t<\/div>\n\t\t<div class=\"elementor-element elementor-element-19636e2 e-flex e-con-boxed e-con e-parent\" data-id=\"19636e2\" data-element_type=\"container\" data-core-v316-plus=\"true\">\n\t\t\t\t\t<div class=\"e-con-inner\">\n\t\t\t\t<div class=\"elementor-element elementor-element-4d8c4c7 elementor-widget elementor-widget-image\" data-id=\"4d8c4c7\" data-element_type=\"widget\" data-widget_type=\"image.default\">\n\t\t\t\t<div class=\"elementor-widget-container\">\n\t\t\t<style>\/*! elementor - v3.20.0 - 26-03-2024 *\/\n.elementor-widget-image{text-align:center}.elementor-widget-image a{display:inline-block}.elementor-widget-image a img[src$=\".svg\"]{width:48px}.elementor-widget-image img{vertical-align:middle;display:inline-block}<\/style>\t\t\t\t\t\t\t\t\t\t<img fetchpriority=\"high\" decoding=\"async\" width=\"813\" height=\"946\" src=\"https:\/\/aresa-solutions.fr\/wp-content\/uploads\/2025\/09\/CNDO.png\" class=\"attachment-large size-large wp-image-1216\" alt=\"\" srcset=\"https:\/\/aresa-solutions.fr\/wp-content\/uploads\/2025\/09\/CNDO.png 813w, https:\/\/aresa-solutions.fr\/wp-content\/uploads\/2025\/09\/CNDO-258x300.png 258w, https:\/\/aresa-solutions.fr\/wp-content\/uploads\/2025\/09\/CNDO-768x894.png 768w\" sizes=\"(max-width: 813px) 100vw, 813px\" \/>\t\t\t\t\t\t\t\t\t\t\t\t\t<\/div>\n\t\t\t\t<\/div>\n\t\t\t\t\t<\/div>\n\t\t\t\t<\/div>\n\t\t\t\t<\/div>\n\t\t","protected":false},"excerpt":{"rendered":"<p>Notre offre assure vos locaux, vos activit\u00e9s et votre stock, m\u00eame en exp\u00e9dition : Une couverture pens\u00e9e pour votre quotidien Prise en compte de la variabilit\u00e9 de vos stocks Garantie transport : Couverture des valeurs d\u00e9clar\u00e9es \u00e0 l&rsquo;envoi et \u00e0 la r\u00e9ception Protection renforc\u00e9e pour votre personnel face aux risques d\u2019agression Couverture compl\u00e8te de votre [&hellip;]<\/p>\n","protected":false},"author":2,"featured_media":0,"parent":0,"menu_order":0,"comment_status":"closed","ping_status":"closed","template":"","meta":{"inline_featured_image":false,"footnotes":""},"class_list":["post-1127","page","type-page","status-publish","hentry"],"blocksy_meta":[],"yoast_head":"<!-- This site is optimized with the Yoast SEO plugin v22.4 - https:\/\/yoast.com\/wordpress\/plugins\/seo\/ -->\n<title>N\u00e9gociants 2 A valider - Aresa-solutions<\/title>\n<meta name=\"robots\" content=\"index, follow, max-snippet:-1, max-image-preview:large, max-video-preview:-1\" \/>\n<link rel=\"canonical\" href=\"http:\/\/aresa-solutions.fr\/index.php\/negociants-2-a-valider\/\" \/>\n<meta property=\"og:locale\" content=\"fr_FR\" \/>\n<meta property=\"og:type\" content=\"article\" \/>\n<meta property=\"og:title\" content=\"N\u00e9gociants 2 A valider - Aresa-solutions\" \/>\n<meta property=\"og:description\" content=\"Notre offre assure vos locaux, vos activit\u00e9s et votre stock, m\u00eame en exp\u00e9dition : Une couverture pens\u00e9e pour votre quotidien Prise en compte de la variabilit\u00e9 de vos stocks Garantie transport : Couverture des valeurs d\u00e9clar\u00e9es \u00e0 l&rsquo;envoi et \u00e0 la r\u00e9ception Protection renforc\u00e9e pour votre personnel face aux risques d\u2019agression Couverture compl\u00e8te de votre [&hellip;]\" \/>\n<meta property=\"og:url\" content=\"http:\/\/aresa-solutions.fr\/index.php\/negociants-2-a-valider\/\" \/>\n<meta property=\"og:site_name\" content=\"Aresa-solutions\" \/>\n<meta property=\"article:modified_time\" content=\"2025-09-17T07:23:33+00:00\" \/>\n<meta property=\"og:image\" content=\"http:\/\/aresa-solutions.fr\/wp-content\/uploads\/2025\/09\/CNDO.png\" \/>\n<meta name=\"twitter:card\" content=\"summary_large_image\" \/>\n<meta name=\"twitter:label1\" content=\"Dur\u00e9e de lecture estim\u00e9e\" \/>\n\t<meta name=\"twitter:data1\" content=\"1 minute\" \/>\n<script type=\"application\/ld+json\" class=\"yoast-schema-graph\">{\"@context\":\"https:\/\/schema.org\",\"@graph\":[{\"@type\":\"WebPage\",\"@id\":\"http:\/\/aresa-solutions.fr\/index.php\/negociants-2-a-valider\/\",\"url\":\"http:\/\/aresa-solutions.fr\/index.php\/negociants-2-a-valider\/\",\"name\":\"N\u00e9gociants 2 A valider - Aresa-solutions\",\"isPartOf\":{\"@id\":\"http:\/\/aresa-solutions.fr\/#website\"},\"primaryImageOfPage\":{\"@id\":\"http:\/\/aresa-solutions.fr\/index.php\/negociants-2-a-valider\/#primaryimage\"},\"image\":{\"@id\":\"http:\/\/aresa-solutions.fr\/index.php\/negociants-2-a-valider\/#primaryimage\"},\"thumbnailUrl\":\"http:\/\/aresa-solutions.fr\/wp-content\/uploads\/2025\/09\/CNDO.png\",\"datePublished\":\"2025-09-12T12:57:48+00:00\",\"dateModified\":\"2025-09-17T07:23:33+00:00\",\"breadcrumb\":{\"@id\":\"http:\/\/aresa-solutions.fr\/index.php\/negociants-2-a-valider\/#breadcrumb\"},\"inLanguage\":\"fr-FR\",\"potentialAction\":[{\"@type\":\"ReadAction\",\"target\":[\"http:\/\/aresa-solutions.fr\/index.php\/negociants-2-a-valider\/\"]}]},{\"@type\":\"ImageObject\",\"inLanguage\":\"fr-FR\",\"@id\":\"http:\/\/aresa-solutions.fr\/index.php\/negociants-2-a-valider\/#primaryimage\",\"url\":\"https:\/\/aresa-solutions.fr\/wp-content\/uploads\/2025\/09\/CNDO.png\",\"contentUrl\":\"https:\/\/aresa-solutions.fr\/wp-content\/uploads\/2025\/09\/CNDO.png\",\"width\":813,\"height\":946},{\"@type\":\"BreadcrumbList\",\"@id\":\"http:\/\/aresa-solutions.fr\/index.php\/negociants-2-a-valider\/#breadcrumb\",\"itemListElement\":[{\"@type\":\"ListItem\",\"position\":1,\"name\":\"Accueil\",\"item\":\"http:\/\/aresa-solutions.fr\/\"},{\"@type\":\"ListItem\",\"position\":2,\"name\":\"N\u00e9gociants 2 A valider\"}]},{\"@type\":\"WebSite\",\"@id\":\"http:\/\/aresa-solutions.fr\/#website\",\"url\":\"http:\/\/aresa-solutions.fr\/\",\"name\":\"Aresa-solutions\",\"description\":\"\",\"publisher\":{\"@id\":\"http:\/\/aresa-solutions.fr\/#organization\"},\"potentialAction\":[{\"@type\":\"SearchAction\",\"target\":{\"@type\":\"EntryPoint\",\"urlTemplate\":\"http:\/\/aresa-solutions.fr\/?s={search_term_string}\"},\"query-input\":\"required name=search_term_string\"}],\"inLanguage\":\"fr-FR\"},{\"@type\":\"Organization\",\"@id\":\"http:\/\/aresa-solutions.fr\/#organization\",\"name\":\"Aresa-solutions\",\"url\":\"http:\/\/aresa-solutions.fr\/\",\"logo\":{\"@type\":\"ImageObject\",\"inLanguage\":\"fr-FR\",\"@id\":\"http:\/\/aresa-solutions.fr\/#\/schema\/logo\/image\/\",\"url\":\"https:\/\/aresa-solutions.fr\/wp-content\/uploads\/2024\/02\/logo.png\",\"contentUrl\":\"https:\/\/aresa-solutions.fr\/wp-content\/uploads\/2024\/02\/logo.png\",\"width\":490,\"height\":206,\"caption\":\"Aresa-solutions\"},\"image\":{\"@id\":\"http:\/\/aresa-solutions.fr\/#\/schema\/logo\/image\/\"}}]}<\/script>\n<!-- \/ Yoast SEO plugin. -->","yoast_head_json":{"title":"N\u00e9gociants 2 A valider - Aresa-solutions","robots":{"index":"index","follow":"follow","max-snippet":"max-snippet:-1","max-image-preview":"max-image-preview:large","max-video-preview":"max-video-preview:-1"},"canonical":"http:\/\/aresa-solutions.fr\/index.php\/negociants-2-a-valider\/","og_locale":"fr_FR","og_type":"article","og_title":"N\u00e9gociants 2 A valider - Aresa-solutions","og_description":"Notre offre assure vos locaux, vos activit\u00e9s et votre stock, m\u00eame en exp\u00e9dition : Une couverture pens\u00e9e pour votre quotidien Prise en compte de la variabilit\u00e9 de vos stocks Garantie transport : Couverture des valeurs d\u00e9clar\u00e9es \u00e0 l&rsquo;envoi et \u00e0 la r\u00e9ception Protection renforc\u00e9e pour votre personnel face aux risques d\u2019agression Couverture compl\u00e8te de votre [&hellip;]","og_url":"http:\/\/aresa-solutions.fr\/index.php\/negociants-2-a-valider\/","og_site_name":"Aresa-solutions","article_modified_time":"2025-09-17T07:23:33+00:00","og_image":[{"url":"http:\/\/aresa-solutions.fr\/wp-content\/uploads\/2025\/09\/CNDO.png"}],"twitter_card":"summary_large_image","twitter_misc":{"Dur\u00e9e de lecture estim\u00e9e":"1 minute"},"schema":{"@context":"https:\/\/schema.org","@graph":[{"@type":"WebPage","@id":"http:\/\/aresa-solutions.fr\/index.php\/negociants-2-a-valider\/","url":"http:\/\/aresa-solutions.fr\/index.php\/negociants-2-a-valider\/","name":"N\u00e9gociants 2 A valider - Aresa-solutions","isPartOf":{"@id":"http:\/\/aresa-solutions.fr\/#website"},"primaryImageOfPage":{"@id":"http:\/\/aresa-solutions.fr\/index.php\/negociants-2-a-valider\/#primaryimage"},"image":{"@id":"http:\/\/aresa-solutions.fr\/index.php\/negociants-2-a-valider\/#primaryimage"},"thumbnailUrl":"http:\/\/aresa-solutions.fr\/wp-content\/uploads\/2025\/09\/CNDO.png","datePublished":"2025-09-12T12:57:48+00:00","dateModified":"2025-09-17T07:23:33+00:00","breadcrumb":{"@id":"http:\/\/aresa-solutions.fr\/index.php\/negociants-2-a-valider\/#breadcrumb"},"inLanguage":"fr-FR","potentialAction":[{"@type":"ReadAction","target":["http:\/\/aresa-solutions.fr\/index.php\/negociants-2-a-valider\/"]}]},{"@type":"ImageObject","inLanguage":"fr-FR","@id":"http:\/\/aresa-solutions.fr\/index.php\/negociants-2-a-valider\/#primaryimage","url":"https:\/\/aresa-solutions.fr\/wp-content\/uploads\/2025\/09\/CNDO.png","contentUrl":"https:\/\/aresa-solutions.fr\/wp-content\/uploads\/2025\/09\/CNDO.png","width":813,"height":946},{"@type":"BreadcrumbList","@id":"http:\/\/aresa-solutions.fr\/index.php\/negociants-2-a-valider\/#breadcrumb","itemListElement":[{"@type":"ListItem","position":1,"name":"Accueil","item":"http:\/\/aresa-solutions.fr\/"},{"@type":"ListItem","position":2,"name":"N\u00e9gociants 2 A valider"}]},{"@type":"WebSite","@id":"http:\/\/aresa-solutions.fr\/#website","url":"http:\/\/aresa-solutions.fr\/","name":"Aresa-solutions","description":"","publisher":{"@id":"http:\/\/aresa-solutions.fr\/#organization"},"potentialAction":[{"@type":"SearchAction","target":{"@type":"EntryPoint","urlTemplate":"http:\/\/aresa-solutions.fr\/?s={search_term_string}"},"query-input":"required name=search_term_string"}],"inLanguage":"fr-FR"},{"@type":"Organization","@id":"http:\/\/aresa-solutions.fr\/#organization","name":"Aresa-solutions","url":"http:\/\/aresa-solutions.fr\/","logo":{"@type":"ImageObject","inLanguage":"fr-FR","@id":"http:\/\/aresa-solutions.fr\/#\/schema\/logo\/image\/","url":"https:\/\/aresa-solutions.fr\/wp-content\/uploads\/2024\/02\/logo.png","contentUrl":"https:\/\/aresa-solutions.fr\/wp-content\/uploads\/2024\/02\/logo.png","width":490,"height":206,"caption":"Aresa-solutions"},"image":{"@id":"http:\/\/aresa-solutions.fr\/#\/schema\/logo\/image\/"}}]}},"_links":{"self":[{"href":"https:\/\/aresa-solutions.fr\/index.php\/wp-json\/wp\/v2\/pages\/1127","targetHints":{"allow":["GET"]}}],"collection":[{"href":"https:\/\/aresa-solutions.fr\/index.php\/wp-json\/wp\/v2\/pages"}],"about":[{"href":"https:\/\/aresa-solutions.fr\/index.php\/wp-json\/wp\/v2\/types\/page"}],"author":[{"embeddable":true,"href":"https:\/\/aresa-solutions.fr\/index.php\/wp-json\/wp\/v2\/users\/2"}],"replies":[{"embeddable":true,"href":"https:\/\/aresa-solutions.fr\/index.php\/wp-json\/wp\/v2\/comments?post=1127"}],"version-history":[{"count":14,"href":"https:\/\/aresa-solutions.fr\/index.php\/wp-json\/wp\/v2\/pages\/1127\/revisions"}],"predecessor-version":[{"id":1220,"href":"https:\/\/aresa-solutions.fr\/index.php\/wp-json\/wp\/v2\/pages\/1127\/revisions\/1220"}],"wp:attachment":[{"href":"https:\/\/aresa-solutions.fr\/index.php\/wp-json\/wp\/v2\/media?parent=1127"}],"curies":[{"name":"wp","href":"https:\/\/api.w.org\/{rel}","templated":true}]}}