{"id":1066,"date":"2025-09-12T15:00:47","date_gmt":"2025-09-12T13:00:47","guid":{"rendered":"https:\/\/aresa-solutions.fr\/?page_id=1066"},"modified":"2025-09-12T16:43:55","modified_gmt":"2025-09-12T14:43:55","slug":"horlogerie-a-valider","status":"publish","type":"page","link":"https:\/\/aresa-solutions.fr\/index.php\/horlogerie-a-valider\/","title":{"rendered":"Horlogerie A valider"},"content":{"rendered":"\t\t<div data-elementor-type=\"wp-post\" data-elementor-id=\"1066\" class=\"elementor elementor-1066\">\n\t\t\t\t<div class=\"elementor-element elementor-element-ba563d9 e-con-full elementor-hidden-tablet elementor-hidden-mobile e-flex e-con e-parent\" data-id=\"ba563d9\" data-element_type=\"container\" data-settings=\"{&quot;background_background&quot;:&quot;slideshow&quot;,&quot;background_slideshow_gallery&quot;:[{&quot;id&quot;:1164,&quot;url&quot;:&quot;http:\\\/\\\/aresa-solutions.fr\\\/wp-content\\\/uploads\\\/2025\\\/09\\\/Horlogerie-2.png&quot;}],&quot;background_slideshow_loop&quot;:&quot;yes&quot;,&quot;background_slideshow_slide_duration&quot;:5000,&quot;background_slideshow_slide_transition&quot;:&quot;fade&quot;,&quot;background_slideshow_transition_duration&quot;:500}\" data-core-v316-plus=\"true\">\n\t\t\t\t<\/div>\n\t\t<div class=\"elementor-element elementor-element-c9058db e-con-full e-flex e-con e-parent\" data-id=\"c9058db\" data-element_type=\"container\" data-core-v316-plus=\"true\">\n\t\t<div class=\"elementor-element elementor-element-173e941 e-con-full e-flex e-con e-child\" data-id=\"173e941\" data-element_type=\"container\">\n\t\t\t\t<div class=\"elementor-element elementor-element-2fce497 elementor-widget__width-initial elementor-widget elementor-widget-heading\" data-id=\"2fce497\" data-element_type=\"widget\" data-widget_type=\"heading.default\">\n\t\t\t\t<div class=\"elementor-widget-container\">\n\t\t\t<style>\/*! elementor - v3.20.0 - 26-03-2024 *\/\n.elementor-heading-title{padding:0;margin:0;line-height:1}.elementor-widget-heading .elementor-heading-title[class*=elementor-size-]>a{color:inherit;font-size:inherit;line-height:inherit}.elementor-widget-heading .elementor-heading-title.elementor-size-small{font-size:15px}.elementor-widget-heading .elementor-heading-title.elementor-size-medium{font-size:19px}.elementor-widget-heading .elementor-heading-title.elementor-size-large{font-size:29px}.elementor-widget-heading .elementor-heading-title.elementor-size-xl{font-size:39px}.elementor-widget-heading .elementor-heading-title.elementor-size-xxl{font-size:59px}<\/style><h3 class=\"elementor-heading-title elementor-size-default\">Notre offre assure vos locaux, vos activit\u00e9s et votre stock, m\u00eame en exp\u00e9dition : <\/h3>\t\t<\/div>\n\t\t\t\t<\/div>\n\t\t\t\t<div class=\"elementor-element elementor-element-b82c3f1 elementor-widget elementor-widget-text-editor\" data-id=\"b82c3f1\" data-element_type=\"widget\" data-widget_type=\"text-editor.default\">\n\t\t\t\t<div class=\"elementor-widget-container\">\n\t\t\t<style>\/*! elementor - v3.20.0 - 26-03-2024 *\/\n.elementor-widget-text-editor.elementor-drop-cap-view-stacked .elementor-drop-cap{background-color:#69727d;color:#fff}.elementor-widget-text-editor.elementor-drop-cap-view-framed .elementor-drop-cap{color:#69727d;border:3px solid;background-color:transparent}.elementor-widget-text-editor:not(.elementor-drop-cap-view-default) .elementor-drop-cap{margin-top:8px}.elementor-widget-text-editor:not(.elementor-drop-cap-view-default) .elementor-drop-cap-letter{width:1em;height:1em}.elementor-widget-text-editor .elementor-drop-cap{float:left;text-align:center;line-height:1;font-size:50px}.elementor-widget-text-editor .elementor-drop-cap-letter{display:inline-block}<\/style>\t\t\t\t<h4><em>Une couverture pens\u00e9e pour votre quotidien<\/em><\/h4><ul><li>Prise en compte de la variabilit\u00e9 de vos stocks<\/li><li>Garanties adapt\u00e9es \u00e0 la saisonnalit\u00e9 et aux p\u00e9riodes sensibles (f\u00eates, \u00e9v\u00e9nements, etc.)<\/li><li>Protection renforc\u00e9e pour votre personnel face aux risques d\u2019agression<\/li><li>Couverture compl\u00e8te de votre boutique, de vos biens et de vos \u00e9quipes<\/li><\/ul><h4><em>Des garanties haut de gamme pour des pi\u00e8ces d\u2019exception<\/em><\/h4><ul><li>Assurance des ateliers de fabrication et des montres en cours d&rsquo;assemblage ou de r\u00e9partition<\/li><li>Couverture des stocks de haute valeur et des pi\u00e8ces horlog\u00e8res de collection<\/li><li>Protection lors des expositions, ventes priv\u00e9es ou d\u00e9placements professionnels<\/li><li>S\u00e9curisation du transport de vos valeurs d\u00e9clar\u00e9es<\/li><\/ul>\t\t\t\t\t\t<\/div>\n\t\t\t\t<\/div>\n\t\t\t\t<\/div>\n\t\t\t\t<\/div>\n\t\t<div class=\"elementor-element elementor-element-738a8fd e-flex e-con-boxed e-con e-parent\" data-id=\"738a8fd\" data-element_type=\"container\" data-core-v316-plus=\"true\">\n\t\t\t\t\t<div class=\"e-con-inner\">\n\t\t\t\t<div class=\"elementor-element elementor-element-a34cbe5 elementor-align-center elementor-widget__width-initial elementor-widget elementor-widget-button\" data-id=\"a34cbe5\" data-element_type=\"widget\" data-widget_type=\"button.default\">\n\t\t\t\t<div class=\"elementor-widget-container\">\n\t\t\t\t\t<div class=\"elementor-button-wrapper\">\n\t\t\t<a class=\"elementor-button elementor-button-link elementor-size-sm\" href=\"https:\/\/aresa-solutions.fr\/index.php\/contacts\/\">\n\t\t\t\t\t\t<span class=\"elementor-button-content-wrapper\">\n\t\t\t\t\t\t<span class=\"elementor-button-text\">Demandez un devis<\/span>\n\t\t<\/span>\n\t\t\t\t\t<\/a>\n\t\t<\/div>\n\t\t\t\t<\/div>\n\t\t\t\t<\/div>\n\t\t\t\t\t<\/div>\n\t\t\t\t<\/div>\n\t\t<div class=\"elementor-element elementor-element-d810588 e-flex e-con-boxed e-con e-parent\" data-id=\"d810588\" data-element_type=\"container\" data-core-v316-plus=\"true\">\n\t\t\t\t\t<div class=\"e-con-inner\">\n\t\t\t\t<div class=\"elementor-element elementor-element-12efb51 elementor-widget elementor-widget-text-editor\" data-id=\"12efb51\" data-element_type=\"widget\" data-widget_type=\"text-editor.default\">\n\t\t\t\t<div class=\"elementor-widget-container\">\n\t\t\t\t\t\t\t\t\t\t\t\t\t<\/div>\n\t\t\t\t<\/div>\n\t\t\t\t<div class=\"elementor-element elementor-element-7beff1e elementor-widget elementor-widget-spacer\" data-id=\"7beff1e\" data-element_type=\"widget\" data-widget_type=\"spacer.default\">\n\t\t\t\t<div class=\"elementor-widget-container\">\n\t\t\t<style>\/*! elementor - v3.20.0 - 26-03-2024 *\/\n.elementor-column .elementor-spacer-inner{height:var(--spacer-size)}.e-con{--container-widget-width:100%}.e-con-inner>.elementor-widget-spacer,.e-con>.elementor-widget-spacer{width:var(--container-widget-width,var(--spacer-size));--align-self:var(--container-widget-align-self,initial);--flex-shrink:0}.e-con-inner>.elementor-widget-spacer>.elementor-widget-container,.e-con>.elementor-widget-spacer>.elementor-widget-container{height:100%;width:100%}.e-con-inner>.elementor-widget-spacer>.elementor-widget-container>.elementor-spacer,.e-con>.elementor-widget-spacer>.elementor-widget-container>.elementor-spacer{height:100%}.e-con-inner>.elementor-widget-spacer>.elementor-widget-container>.elementor-spacer>.elementor-spacer-inner,.e-con>.elementor-widget-spacer>.elementor-widget-container>.elementor-spacer>.elementor-spacer-inner{height:var(--container-widget-height,var(--spacer-size))}.e-con-inner>.elementor-widget-spacer.elementor-widget-empty,.e-con>.elementor-widget-spacer.elementor-widget-empty{position:relative;min-height:22px;min-width:22px}.e-con-inner>.elementor-widget-spacer.elementor-widget-empty .elementor-widget-empty-icon,.e-con>.elementor-widget-spacer.elementor-widget-empty .elementor-widget-empty-icon{position:absolute;top:0;bottom:0;left:0;right:0;margin:auto;padding:0;width:22px;height:22px}<\/style>\t\t<div class=\"elementor-spacer\">\n\t\t\t<div class=\"elementor-spacer-inner\"><\/div>\n\t\t<\/div>\n\t\t\t\t<\/div>\n\t\t\t\t<\/div>\n\t\t\t\t\t<\/div>\n\t\t\t\t<\/div>\n\t\t<div class=\"elementor-element elementor-element-19636e2 e-flex e-con-boxed e-con e-parent\" data-id=\"19636e2\" data-element_type=\"container\" data-core-v316-plus=\"true\">\n\t\t\t\t\t<div class=\"e-con-inner\">\n\t\t\t\t<div class=\"elementor-element elementor-element-4d8c4c7 elementor-widget elementor-widget-image\" data-id=\"4d8c4c7\" data-element_type=\"widget\" data-widget_type=\"image.default\">\n\t\t\t\t<div class=\"elementor-widget-container\">\n\t\t\t<style>\/*! elementor - v3.20.0 - 26-03-2024 *\/\n.elementor-widget-image{text-align:center}.elementor-widget-image a{display:inline-block}.elementor-widget-image a img[src$=\".svg\"]{width:48px}.elementor-widget-image img{vertical-align:middle;display:inline-block}<\/style>\t\t\t\t\t\t\t\t\t\t<img fetchpriority=\"high\" decoding=\"async\" width=\"1024\" height=\"1024\" src=\"https:\/\/aresa-solutions.fr\/wp-content\/uploads\/2025\/09\/Gemini_Generated_Image_f716p5f716p5f716-1024x1024.jpg\" class=\"attachment-large size-large wp-image-1057\" alt=\"\" srcset=\"https:\/\/aresa-solutions.fr\/wp-content\/uploads\/2025\/09\/Gemini_Generated_Image_f716p5f716p5f716-1024x1024.jpg 1024w, https:\/\/aresa-solutions.fr\/wp-content\/uploads\/2025\/09\/Gemini_Generated_Image_f716p5f716p5f716-300x300.jpg 300w, https:\/\/aresa-solutions.fr\/wp-content\/uploads\/2025\/09\/Gemini_Generated_Image_f716p5f716p5f716-150x150.jpg 150w, https:\/\/aresa-solutions.fr\/wp-content\/uploads\/2025\/09\/Gemini_Generated_Image_f716p5f716p5f716-768x768.jpg 768w, https:\/\/aresa-solutions.fr\/wp-content\/uploads\/2025\/09\/Gemini_Generated_Image_f716p5f716p5f716-1536x1536.jpg 1536w, https:\/\/aresa-solutions.fr\/wp-content\/uploads\/2025\/09\/Gemini_Generated_Image_f716p5f716p5f716.jpg 2048w\" sizes=\"(max-width: 1024px) 100vw, 1024px\" \/>\t\t\t\t\t\t\t\t\t\t\t\t\t<\/div>\n\t\t\t\t<\/div>\n\t\t\t\t\t<\/div>\n\t\t\t\t<\/div>\n\t\t\t\t<\/div>\n\t\t","protected":false},"excerpt":{"rendered":"<p>Notre offre assure vos locaux, vos activit\u00e9s et votre stock, m\u00eame en exp\u00e9dition : Une couverture pens\u00e9e pour votre quotidien Prise en compte de la variabilit\u00e9 de vos stocks Garanties adapt\u00e9es \u00e0 la saisonnalit\u00e9 et aux p\u00e9riodes sensibles (f\u00eates, \u00e9v\u00e9nements, etc.) Protection renforc\u00e9e pour votre personnel face aux risques d\u2019agression Couverture compl\u00e8te de votre boutique, [&hellip;]<\/p>\n","protected":false},"author":2,"featured_media":0,"parent":0,"menu_order":0,"comment_status":"closed","ping_status":"closed","template":"","meta":{"inline_featured_image":false,"footnotes":""},"class_list":["post-1066","page","type-page","status-publish","hentry"],"blocksy_meta":[],"yoast_head":"<!-- This site is optimized with the Yoast SEO plugin v22.4 - https:\/\/yoast.com\/wordpress\/plugins\/seo\/ -->\n<title>Horlogerie A valider - Aresa-solutions<\/title>\n<meta name=\"robots\" content=\"index, follow, max-snippet:-1, max-image-preview:large, max-video-preview:-1\" \/>\n<link rel=\"canonical\" href=\"http:\/\/aresa-solutions.fr\/index.php\/horlogerie-a-valider\/\" \/>\n<meta property=\"og:locale\" content=\"fr_FR\" \/>\n<meta property=\"og:type\" content=\"article\" \/>\n<meta property=\"og:title\" content=\"Horlogerie A valider - Aresa-solutions\" \/>\n<meta property=\"og:description\" content=\"Notre offre assure vos locaux, vos activit\u00e9s et votre stock, m\u00eame en exp\u00e9dition : Une couverture pens\u00e9e pour votre quotidien Prise en compte de la variabilit\u00e9 de vos stocks Garanties adapt\u00e9es \u00e0 la saisonnalit\u00e9 et aux p\u00e9riodes sensibles (f\u00eates, \u00e9v\u00e9nements, etc.) Protection renforc\u00e9e pour votre personnel face aux risques d\u2019agression Couverture compl\u00e8te de votre boutique, [&hellip;]\" \/>\n<meta property=\"og:url\" content=\"http:\/\/aresa-solutions.fr\/index.php\/horlogerie-a-valider\/\" \/>\n<meta property=\"og:site_name\" content=\"Aresa-solutions\" \/>\n<meta property=\"article:modified_time\" content=\"2025-09-12T14:43:55+00:00\" \/>\n<meta property=\"og:image\" content=\"http:\/\/aresa-solutions.fr\/wp-content\/uploads\/2025\/09\/Gemini_Generated_Image_f716p5f716p5f716-1024x1024.jpg\" \/>\n<meta name=\"twitter:card\" content=\"summary_large_image\" \/>\n<meta name=\"twitter:label1\" content=\"Dur\u00e9e de lecture estim\u00e9e\" \/>\n\t<meta name=\"twitter:data1\" content=\"1 minute\" \/>\n<script type=\"application\/ld+json\" class=\"yoast-schema-graph\">{\"@context\":\"https:\/\/schema.org\",\"@graph\":[{\"@type\":\"WebPage\",\"@id\":\"http:\/\/aresa-solutions.fr\/index.php\/horlogerie-a-valider\/\",\"url\":\"http:\/\/aresa-solutions.fr\/index.php\/horlogerie-a-valider\/\",\"name\":\"Horlogerie A valider - Aresa-solutions\",\"isPartOf\":{\"@id\":\"http:\/\/aresa-solutions.fr\/#website\"},\"primaryImageOfPage\":{\"@id\":\"http:\/\/aresa-solutions.fr\/index.php\/horlogerie-a-valider\/#primaryimage\"},\"image\":{\"@id\":\"http:\/\/aresa-solutions.fr\/index.php\/horlogerie-a-valider\/#primaryimage\"},\"thumbnailUrl\":\"http:\/\/aresa-solutions.fr\/wp-content\/uploads\/2025\/09\/Gemini_Generated_Image_f716p5f716p5f716-1024x1024.jpg\",\"datePublished\":\"2025-09-12T13:00:47+00:00\",\"dateModified\":\"2025-09-12T14:43:55+00:00\",\"breadcrumb\":{\"@id\":\"http:\/\/aresa-solutions.fr\/index.php\/horlogerie-a-valider\/#breadcrumb\"},\"inLanguage\":\"fr-FR\",\"potentialAction\":[{\"@type\":\"ReadAction\",\"target\":[\"http:\/\/aresa-solutions.fr\/index.php\/horlogerie-a-valider\/\"]}]},{\"@type\":\"ImageObject\",\"inLanguage\":\"fr-FR\",\"@id\":\"http:\/\/aresa-solutions.fr\/index.php\/horlogerie-a-valider\/#primaryimage\",\"url\":\"https:\/\/aresa-solutions.fr\/wp-content\/uploads\/2025\/09\/Gemini_Generated_Image_f716p5f716p5f716.jpg\",\"contentUrl\":\"https:\/\/aresa-solutions.fr\/wp-content\/uploads\/2025\/09\/Gemini_Generated_Image_f716p5f716p5f716.jpg\",\"width\":2048,\"height\":2048},{\"@type\":\"BreadcrumbList\",\"@id\":\"http:\/\/aresa-solutions.fr\/index.php\/horlogerie-a-valider\/#breadcrumb\",\"itemListElement\":[{\"@type\":\"ListItem\",\"position\":1,\"name\":\"Accueil\",\"item\":\"http:\/\/aresa-solutions.fr\/\"},{\"@type\":\"ListItem\",\"position\":2,\"name\":\"Horlogerie A valider\"}]},{\"@type\":\"WebSite\",\"@id\":\"http:\/\/aresa-solutions.fr\/#website\",\"url\":\"http:\/\/aresa-solutions.fr\/\",\"name\":\"Aresa-solutions\",\"description\":\"\",\"publisher\":{\"@id\":\"http:\/\/aresa-solutions.fr\/#organization\"},\"potentialAction\":[{\"@type\":\"SearchAction\",\"target\":{\"@type\":\"EntryPoint\",\"urlTemplate\":\"http:\/\/aresa-solutions.fr\/?s={search_term_string}\"},\"query-input\":\"required name=search_term_string\"}],\"inLanguage\":\"fr-FR\"},{\"@type\":\"Organization\",\"@id\":\"http:\/\/aresa-solutions.fr\/#organization\",\"name\":\"Aresa-solutions\",\"url\":\"http:\/\/aresa-solutions.fr\/\",\"logo\":{\"@type\":\"ImageObject\",\"inLanguage\":\"fr-FR\",\"@id\":\"http:\/\/aresa-solutions.fr\/#\/schema\/logo\/image\/\",\"url\":\"https:\/\/aresa-solutions.fr\/wp-content\/uploads\/2024\/02\/logo.png\",\"contentUrl\":\"https:\/\/aresa-solutions.fr\/wp-content\/uploads\/2024\/02\/logo.png\",\"width\":490,\"height\":206,\"caption\":\"Aresa-solutions\"},\"image\":{\"@id\":\"http:\/\/aresa-solutions.fr\/#\/schema\/logo\/image\/\"}}]}<\/script>\n<!-- \/ Yoast SEO plugin. -->","yoast_head_json":{"title":"Horlogerie A valider - Aresa-solutions","robots":{"index":"index","follow":"follow","max-snippet":"max-snippet:-1","max-image-preview":"max-image-preview:large","max-video-preview":"max-video-preview:-1"},"canonical":"http:\/\/aresa-solutions.fr\/index.php\/horlogerie-a-valider\/","og_locale":"fr_FR","og_type":"article","og_title":"Horlogerie A valider - Aresa-solutions","og_description":"Notre offre assure vos locaux, vos activit\u00e9s et votre stock, m\u00eame en exp\u00e9dition : Une couverture pens\u00e9e pour votre quotidien Prise en compte de la variabilit\u00e9 de vos stocks Garanties adapt\u00e9es \u00e0 la saisonnalit\u00e9 et aux p\u00e9riodes sensibles (f\u00eates, \u00e9v\u00e9nements, etc.) Protection renforc\u00e9e pour votre personnel face aux risques d\u2019agression Couverture compl\u00e8te de votre boutique, [&hellip;]","og_url":"http:\/\/aresa-solutions.fr\/index.php\/horlogerie-a-valider\/","og_site_name":"Aresa-solutions","article_modified_time":"2025-09-12T14:43:55+00:00","og_image":[{"url":"http:\/\/aresa-solutions.fr\/wp-content\/uploads\/2025\/09\/Gemini_Generated_Image_f716p5f716p5f716-1024x1024.jpg"}],"twitter_card":"summary_large_image","twitter_misc":{"Dur\u00e9e de lecture estim\u00e9e":"1 minute"},"schema":{"@context":"https:\/\/schema.org","@graph":[{"@type":"WebPage","@id":"http:\/\/aresa-solutions.fr\/index.php\/horlogerie-a-valider\/","url":"http:\/\/aresa-solutions.fr\/index.php\/horlogerie-a-valider\/","name":"Horlogerie A valider - Aresa-solutions","isPartOf":{"@id":"http:\/\/aresa-solutions.fr\/#website"},"primaryImageOfPage":{"@id":"http:\/\/aresa-solutions.fr\/index.php\/horlogerie-a-valider\/#primaryimage"},"image":{"@id":"http:\/\/aresa-solutions.fr\/index.php\/horlogerie-a-valider\/#primaryimage"},"thumbnailUrl":"http:\/\/aresa-solutions.fr\/wp-content\/uploads\/2025\/09\/Gemini_Generated_Image_f716p5f716p5f716-1024x1024.jpg","datePublished":"2025-09-12T13:00:47+00:00","dateModified":"2025-09-12T14:43:55+00:00","breadcrumb":{"@id":"http:\/\/aresa-solutions.fr\/index.php\/horlogerie-a-valider\/#breadcrumb"},"inLanguage":"fr-FR","potentialAction":[{"@type":"ReadAction","target":["http:\/\/aresa-solutions.fr\/index.php\/horlogerie-a-valider\/"]}]},{"@type":"ImageObject","inLanguage":"fr-FR","@id":"http:\/\/aresa-solutions.fr\/index.php\/horlogerie-a-valider\/#primaryimage","url":"https:\/\/aresa-solutions.fr\/wp-content\/uploads\/2025\/09\/Gemini_Generated_Image_f716p5f716p5f716.jpg","contentUrl":"https:\/\/aresa-solutions.fr\/wp-content\/uploads\/2025\/09\/Gemini_Generated_Image_f716p5f716p5f716.jpg","width":2048,"height":2048},{"@type":"BreadcrumbList","@id":"http:\/\/aresa-solutions.fr\/index.php\/horlogerie-a-valider\/#breadcrumb","itemListElement":[{"@type":"ListItem","position":1,"name":"Accueil","item":"http:\/\/aresa-solutions.fr\/"},{"@type":"ListItem","position":2,"name":"Horlogerie A valider"}]},{"@type":"WebSite","@id":"http:\/\/aresa-solutions.fr\/#website","url":"http:\/\/aresa-solutions.fr\/","name":"Aresa-solutions","description":"","publisher":{"@id":"http:\/\/aresa-solutions.fr\/#organization"},"potentialAction":[{"@type":"SearchAction","target":{"@type":"EntryPoint","urlTemplate":"http:\/\/aresa-solutions.fr\/?s={search_term_string}"},"query-input":"required name=search_term_string"}],"inLanguage":"fr-FR"},{"@type":"Organization","@id":"http:\/\/aresa-solutions.fr\/#organization","name":"Aresa-solutions","url":"http:\/\/aresa-solutions.fr\/","logo":{"@type":"ImageObject","inLanguage":"fr-FR","@id":"http:\/\/aresa-solutions.fr\/#\/schema\/logo\/image\/","url":"https:\/\/aresa-solutions.fr\/wp-content\/uploads\/2024\/02\/logo.png","contentUrl":"https:\/\/aresa-solutions.fr\/wp-content\/uploads\/2024\/02\/logo.png","width":490,"height":206,"caption":"Aresa-solutions"},"image":{"@id":"http:\/\/aresa-solutions.fr\/#\/schema\/logo\/image\/"}}]}},"_links":{"self":[{"href":"https:\/\/aresa-solutions.fr\/index.php\/wp-json\/wp\/v2\/pages\/1066","targetHints":{"allow":["GET"]}}],"collection":[{"href":"https:\/\/aresa-solutions.fr\/index.php\/wp-json\/wp\/v2\/pages"}],"about":[{"href":"https:\/\/aresa-solutions.fr\/index.php\/wp-json\/wp\/v2\/types\/page"}],"author":[{"embeddable":true,"href":"https:\/\/aresa-solutions.fr\/index.php\/wp-json\/wp\/v2\/users\/2"}],"replies":[{"embeddable":true,"href":"https:\/\/aresa-solutions.fr\/index.php\/wp-json\/wp\/v2\/comments?post=1066"}],"version-history":[{"count":24,"href":"https:\/\/aresa-solutions.fr\/index.php\/wp-json\/wp\/v2\/pages\/1066\/revisions"}],"predecessor-version":[{"id":1208,"href":"https:\/\/aresa-solutions.fr\/index.php\/wp-json\/wp\/v2\/pages\/1066\/revisions\/1208"}],"wp:attachment":[{"href":"https:\/\/aresa-solutions.fr\/index.php\/wp-json\/wp\/v2\/media?parent=1066"}],"curies":[{"name":"wp","href":"https:\/\/api.w.org\/{rel}","templated":true}]}}